{"id":100,"date":"2024-03-12T03:33:21","date_gmt":"2024-03-12T03:33:21","guid":{"rendered":"http:\/\/localhost\/wordpress\/?post_type=product&#038;p=100"},"modified":"2024-12-05T00:51:02","modified_gmt":"2024-12-05T00:51:02","slug":"audifonos-yo8-2","status":"publish","type":"product","link":"https:\/\/e-konon.com\/konon\/product\/audifonos-yo8-2\/","title":{"rendered":"Audifonos-YO8-2"},"content":{"rendered":"<p>Su pantalla es cuadrada, t\u00e1ctil 2.5 D, 154 pulgadas con alta definici\u00f3n (HD), con resoluci\u00f3n 240\u00d7240 p\u00edxeles y dimensiones de 1.54 pulgadas.<br \/>\nEl grosor es de 44 mm.<br \/>\nPesa 27.2 gramos.<br \/>\nLas memoria ROM llega a un m\u00e1ximo de 128 MB y la RAM 34MB.<br \/>\nBater\u00eda de 180 \u2013 220 mAh, con pol\u00edmero de alta capacidad de vibraci\u00f3n y es desmontable.<br \/>\nPosee impermeabilidad certificada IP67.<br \/>\nTiene un CPU MTK2502 fabricado por Mediatek.<br \/>\nEs compatible con Android 5.0, iOS 9.0 y superiores.<br \/>\nSu correa es intercambiable.<br \/>\nIncluye bluetooth versi\u00f3n 4.2.<br \/>\nTrae sensores \u00f3pticos.<br \/>\nEs multiling\u00fce.<br \/>\nEntre sus funcionalidades est\u00e1 el pod\u00f3metro, calcula las distancias realizadas en los entrenamiento.<br \/>\nMide todas las rutinas de ejercicio, posee un controlador de inicio y parada de la actividad.<br \/>\nAdvierte el tiempo de sedentarismo, recibe mensajes de texto, puedes contestar las llamadas y marcarlas.<br \/>\nTrae un indicador de energ\u00eda, calculadora, emite se\u00f1al para b\u00fasqueda del m\u00f3vil.<br \/>\nViene con un cable de carga USB y un manual de uso en mandar\u00edn e ingl\u00e9s.<br \/>\nTrae una alarma anti-p\u00e9rdida con sonido o vibraci\u00f3n.<br \/>\nPosee un indicador de bater\u00eda.<\/p>\n","protected":false},"excerpt":{"rendered":"<p>Su pantalla es cuadrada, t\u00e1ctil 2.5 D, 154 pulgadas con alta definici\u00f3n (HD), con resoluci\u00f3n 240\u00d7240 p\u00edxeles y dimensiones de 1.54 pulgadas.<br \/>\nEl grosor es de 44 mm.<br \/>\nPesa 27.2 gramos.<br \/>\nLas memoria ROM llega a un m\u00e1ximo de 128 MB y la RAM 34MB.<br \/>\nBater\u00eda de 180 \u2013 220 mAh, con pol\u00edmero de alta capacidad de vibraci\u00f3n y es desmontable.<br \/>\nPosee impermeabilidad certificada IP67.<br \/>\nTiene un CPU MTK2502 fabricado por Mediatek.<br \/>\nEs compatible con Android 5.0, iOS 9.0 y superiores.<br \/>\nSu correa es intercambiable.<br \/>\nIncluye bluetooth versi\u00f3n 4.2.<br \/>\nTrae sensores \u00f3pticos.<br \/>\nEs multiling\u00fce.<br \/>\nEntre sus funcionalidades est\u00e1 el pod\u00f3metro, calcula las distancias realizadas en los entrenamiento.<br \/>\nMide todas las rutinas de ejercicio, posee un controlador de inicio y parada de la actividad.<br \/>\nAdvierte el tiempo de sedentarismo, recibe mensajes de texto, puedes contestar las llamadas y marcarlas.<br \/>\nTrae un indicador de energ\u00eda, calculadora, emite se\u00f1al para b\u00fasqueda del m\u00f3vil.<br \/>\nViene con un cable de carga USB y un manual de uso en mandar\u00edn e ingl\u00e9s.<br \/>\nTrae una alarma anti-p\u00e9rdida con sonido o vibraci\u00f3n.<br \/>\nPosee un indicador de bater\u00eda.<\/p>\n","protected":false},"featured_media":101,"comment_status":"open","ping_status":"closed","template":"","meta":{"site-sidebar-layout":"default","site-content-layout":"","ast-site-content-layout":"default","site-content-style":"default","site-sidebar-style":"default","ast-global-header-display":"","ast-banner-title-visibility":"","ast-main-header-display":"","ast-hfb-above-header-display":"","ast-hfb-below-header-display":"","ast-hfb-mobile-header-display":"","site-post-title":"","ast-breadcrumbs-content":"","ast-featured-img":"","footer-sml-layout":"","theme-transparent-header-meta":"default","adv-header-id-meta":"","stick-header-meta":"","header-above-stick-meta":"","header-main-stick-meta":"","header-below-stick-meta":"","astra-migrate-meta-layouts":"set","ast-page-background-enabled":"default","ast-page-background-meta":{"desktop":{"background-color":"var(--ast-global-color-4)","background-image":"","background-repeat":"repeat","background-position":"center center","background-size":"auto","background-attachment":"scroll","background-type":"","background-media":"","overlay-type":"","overlay-color":"","overlay-opacity":"","overlay-gradient":""},"tablet":{"background-color":"","background-image":"","background-repeat":"repeat","background-position":"center center","background-size":"auto","background-attachment":"scroll","background-type":"","background-media":"","overlay-type":"","overlay-color":"","overlay-opacity":"","overlay-gradient":""},"mobile":{"background-color":"","background-image":"","background-repeat":"repeat","background-position":"center center","background-size":"auto","background-attachment":"scroll","background-type":"","background-media":"","overlay-type":"","overlay-color":"","overlay-opacity":"","overlay-gradient":""}},"ast-content-background-meta":{"desktop":{"background-color":"var(--ast-global-color-5)","background-image":"","background-repeat":"repeat","background-position":"center center","background-size":"auto","background-attachment":"scroll","background-type":"","background-media":"","overlay-type":"","overlay-color":"","overlay-opacity":"","overlay-gradient":""},"tablet":{"background-color":"var(--ast-global-color-5)","background-image":"","background-repeat":"repeat","background-position":"center center","background-size":"auto","background-attachment":"scroll","background-type":"","background-media":"","overlay-type":"","overlay-color":"","overlay-opacity":"","overlay-gradient":""},"mobile":{"background-color":"var(--ast-global-color-5)","background-image":"","background-repeat":"repeat","background-position":"center center","background-size":"auto","background-attachment":"scroll","background-type":"","background-media":"","overlay-type":"","overlay-color":"","overlay-opacity":"","overlay-gradient":""}}},"product_brand":[],"product_cat":[26],"product_tag":[],"class_list":{"0":"post-100","1":"product","2":"type-product","3":"status-publish","4":"has-post-thumbnail","6":"product_cat-theroom","7":"desktop-align-left","8":"tablet-align-left","9":"mobile-align-left","11":"first","12":"instock","13":"sale","14":"downloadable","15":"taxable","16":"shipping-taxable","17":"purchasable","18":"product-type-simple"},"jetpack_sharing_enabled":true,"_links":{"self":[{"href":"https:\/\/e-konon.com\/konon\/wp-json\/wp\/v2\/product\/100","targetHints":{"allow":["GET"]}}],"collection":[{"href":"https:\/\/e-konon.com\/konon\/wp-json\/wp\/v2\/product"}],"about":[{"href":"https:\/\/e-konon.com\/konon\/wp-json\/wp\/v2\/types\/product"}],"replies":[{"embeddable":true,"href":"https:\/\/e-konon.com\/konon\/wp-json\/wp\/v2\/comments?post=100"}],"wp:featuredmedia":[{"embeddable":true,"href":"https:\/\/e-konon.com\/konon\/wp-json\/wp\/v2\/media\/101"}],"wp:attachment":[{"href":"https:\/\/e-konon.com\/konon\/wp-json\/wp\/v2\/media?parent=100"}],"wp:term":[{"taxonomy":"product_brand","embeddable":true,"href":"https:\/\/e-konon.com\/konon\/wp-json\/wp\/v2\/product_brand?post=100"},{"taxonomy":"product_cat","embeddable":true,"href":"https:\/\/e-konon.com\/konon\/wp-json\/wp\/v2\/product_cat?post=100"},{"taxonomy":"product_tag","embeddable":true,"href":"https:\/\/e-konon.com\/konon\/wp-json\/wp\/v2\/product_tag?post=100"}],"curies":[{"name":"wp","href":"https:\/\/api.w.org\/{rel}","templated":true}]}}