{"id":231,"date":"2024-04-13T17:36:05","date_gmt":"2024-04-13T17:36:05","guid":{"rendered":"https:\/\/e-konon.com\/konon\/?post_type=product&#038;p=231"},"modified":"2026-05-06T23:57:14","modified_gmt":"2026-05-06T23:57:14","slug":"audifonos-inpods-i12","status":"publish","type":"product","link":"https:\/\/e-konon.com\/konon\/product\/audifonos-inpods-i12\/","title":{"rendered":"Audifonos Inpods i12"},"content":{"rendered":"<p>Los i12 Te ofrecen una estabilidad de se\u00f1al m\u00e1s avanzada que en modelos anteriores, como el i7S TWS. Una de las Novedades es que ambos auriculares se vinculan entre s\u00ed autom\u00e1ticamente al sacarlos de la caja.<\/p>\n<p>Posee controles multifunci\u00f3n por Touch. Pon\u00e9 Play, Pausa con un toque, cambio de Canciones con tres toques en el auricular izquierdo o retroceder con los mismos toques en el derecho. \u00a1Genial!<\/p>\n<p><strong>Caracter\u00edsticas:<\/strong><\/p>\n<ul>\n<li>Sonido Est\u00e9reo.<\/li>\n<li>Bluetooth 5.0.<\/li>\n<li>Control T\u00e1ctil.<\/li>\n<li>Reproductor de M\u00fasica y Manos libres.<\/li>\n<li>Peso del auricular 5 g.<\/li>\n<li>Estuche Conector Lightning, bot\u00f3n de reset, LED informativo.<\/li>\n<li>Bateria: de 1,5 a 2 hs de duraci\u00f3n.<\/li>\n<\/ul>\n","protected":false},"excerpt":{"rendered":"<p>Posee controles multifunci\u00f3n por Touch. Pon\u00e9 Play, Pausa con un toque, cambio de Canciones con tres toques en el auricular izquierdo o retroceder con los mismos toques en el derecho. \u00a1Genial!<\/p>\n","protected":false},"featured_media":232,"comment_status":"open","ping_status":"closed","template":"","meta":{"site-sidebar-layout":"default","site-content-layout":"","ast-site-content-layout":"default","site-content-style":"default","site-sidebar-style":"default","ast-global-header-display":"","ast-banner-title-visibility":"","ast-main-header-display":"","ast-hfb-above-header-display":"","ast-hfb-below-header-display":"","ast-hfb-mobile-header-display":"","site-post-title":"","ast-breadcrumbs-content":"","ast-featured-img":"","footer-sml-layout":"","theme-transparent-header-meta":"default","adv-header-id-meta":"","stick-header-meta":"","header-above-stick-meta":"","header-main-stick-meta":"","header-below-stick-meta":"","astra-migrate-meta-layouts":"set","ast-page-background-enabled":"default","ast-page-background-meta":{"desktop":{"background-color":"var(--ast-global-color-4)","background-image":"","background-repeat":"repeat","background-position":"center center","background-size":"auto","background-attachment":"scroll","background-type":"","background-media":"","overlay-type":"","overlay-color":"","overlay-opacity":"","overlay-gradient":""},"tablet":{"background-color":"","background-image":"","background-repeat":"repeat","background-position":"center center","background-size":"auto","background-attachment":"scroll","background-type":"","background-media":"","overlay-type":"","overlay-color":"","overlay-opacity":"","overlay-gradient":""},"mobile":{"background-color":"","background-image":"","background-repeat":"repeat","background-position":"center center","background-size":"auto","background-attachment":"scroll","background-type":"","background-media":"","overlay-type":"","overlay-color":"","overlay-opacity":"","overlay-gradient":""}},"ast-content-background-meta":{"desktop":{"background-color":"var(--ast-global-color-5)","background-image":"","background-repeat":"repeat","background-position":"center center","background-size":"auto","background-attachment":"scroll","background-type":"","background-media":"","overlay-type":"","overlay-color":"","overlay-opacity":"","overlay-gradient":""},"tablet":{"background-color":"var(--ast-global-color-5)","background-image":"","background-repeat":"repeat","background-position":"center center","background-size":"auto","background-attachment":"scroll","background-type":"","background-media":"","overlay-type":"","overlay-color":"","overlay-opacity":"","overlay-gradient":""},"mobile":{"background-color":"var(--ast-global-color-5)","background-image":"","background-repeat":"repeat","background-position":"center center","background-size":"auto","background-attachment":"scroll","background-type":"","background-media":"","overlay-type":"","overlay-color":"","overlay-opacity":"","overlay-gradient":""}}},"product_brand":[],"product_cat":[26],"product_tag":[],"class_list":{"0":"post-231","1":"product","2":"type-product","3":"status-publish","4":"has-post-thumbnail","6":"product_cat-theroom","7":"desktop-align-left","8":"tablet-align-left","9":"mobile-align-left","11":"first","12":"instock","13":"taxable","14":"shipping-taxable","15":"product-type-variable"},"jetpack_sharing_enabled":true,"_links":{"self":[{"href":"https:\/\/e-konon.com\/konon\/wp-json\/wp\/v2\/product\/231","targetHints":{"allow":["GET"]}}],"collection":[{"href":"https:\/\/e-konon.com\/konon\/wp-json\/wp\/v2\/product"}],"about":[{"href":"https:\/\/e-konon.com\/konon\/wp-json\/wp\/v2\/types\/product"}],"replies":[{"embeddable":true,"href":"https:\/\/e-konon.com\/konon\/wp-json\/wp\/v2\/comments?post=231"}],"wp:featuredmedia":[{"embeddable":true,"href":"https:\/\/e-konon.com\/konon\/wp-json\/wp\/v2\/media\/232"}],"wp:attachment":[{"href":"https:\/\/e-konon.com\/konon\/wp-json\/wp\/v2\/media?parent=231"}],"wp:term":[{"taxonomy":"product_brand","embeddable":true,"href":"https:\/\/e-konon.com\/konon\/wp-json\/wp\/v2\/product_brand?post=231"},{"taxonomy":"product_cat","embeddable":true,"href":"https:\/\/e-konon.com\/konon\/wp-json\/wp\/v2\/product_cat?post=231"},{"taxonomy":"product_tag","embeddable":true,"href":"https:\/\/e-konon.com\/konon\/wp-json\/wp\/v2\/product_tag?post=231"}],"curies":[{"name":"wp","href":"https:\/\/api.w.org\/{rel}","templated":true}]}}