{"id":570,"date":"2025-04-05T17:51:37","date_gmt":"2025-04-05T17:51:37","guid":{"rendered":"https:\/\/e-konon.com\/konon\/?post_type=product&#038;p=570"},"modified":"2025-04-05T17:57:12","modified_gmt":"2025-04-05T17:57:12","slug":"everlax-max","status":"publish","type":"product","link":"https:\/\/e-konon.com\/konon\/product\/everlax-max\/","title":{"rendered":"Everlax MAX"},"content":{"rendered":"<h2>Everlax MAX Digi\u00e9relo sin complicaciones<\/h2>\n<p>El estre\u00f1imiento es una condici\u00f3n que consiste en la falta de movimiento regular de los intestinos, lo que produce una digesti\u00f3n irregula. La frecuencia defecadora normal var\u00eda entre personas, desde un par de veces al d\u00eda hasta tres veces a la semana. Lo ideal ser\u00eda defecar cuantas veces comemos o sea alrededor de tres veces al d\u00eda. Malos h\u00e1bitos alimenticios, poca Ingesta de l\u00edquido sobre todo agua, dietas muy altas en prote\u00ednas, el sedentarismo entre otras, son las causas m\u00e1s frecuentes por las que no logramos tener un buen tr\u00e1nsito intestinal.<\/p>\n<p><a href=\"https:\/\/healthypeoplejuarez.com\/tienda\">Healthy People\u00ae<\/a>\u00a0siempre cuidando tu salud desarrollo una potente formula, combinando los mejores ingredientes que lograran un transito intestinal regular y mantenido de manera natural.<\/p>\n<h2>Beneficios<\/h2>\n<ul>\n<li>Inhibidor poderoso de apetito.<\/li>\n<li>Aumenta termog\u00e9nesis y quema grasa de una manera natural.<\/li>\n<li>Combate el exceso de peso en nuestro organismo.<\/li>\n<li>Mejora el proceso de la digesti\u00f3n y regulariza la excreci\u00f3n.<\/li>\n<li>Vigoriza el p\u00e1ncreas, h\u00edgado y ves\u00edcula biliar.<\/li>\n<li>Ayuda a combatir el estre\u00f1imiento.<\/li>\n<li>Excelente diur\u00e9tico y depurativo natural.<\/li>\n<\/ul>\n<h2>Ingredientes<\/h2>\n<p>La presentaci\u00f3n de 30 c\u00e1psulas contiene:<\/p>\n<ul>\n<li>Garcinia cambogia.<\/li>\n<li>Cha de bugre<\/li>\n<li>Alga espirulina<\/li>\n<li>Cocolmeca<\/li>\n<li>Malva<\/li>\n<li>Cuachalalate<\/li>\n<li>Manrrubio<\/li>\n<li>Tejocote<\/li>\n<li>Nopal<\/li>\n<li>Papaya<\/li>\n<li>Lima<\/li>\n<li>T\u00e9 verde<\/li>\n<li>Tila<\/li>\n<li>Jenjibre<\/li>\n<\/ul>\n<p><strong>Sugerencia de Uso\u00a0<\/strong><\/p>\n<p>Tomar una c\u00e1psula en la noche.<\/p>\n<p>Presentaci\u00f3n Everlax Max Frasco con 30 c\u00e1psulas<\/p>\n","protected":false},"excerpt":{"rendered":"<p><span class=\"inventory_status\"><span class=\"stock-title\">Availability:<\/span>\u00a0In Stock<\/span><\/p>\n<div class=\"woocommerce-product-details__short-description\">\n<p>Digi\u00e9relo sin complicaciones<\/p>\n<p>Las NUEVAS C\u00e1psulas EverLax MAX Combate el exceso de peso en nuestro organismo. Mejora el proceso de la digesti\u00f3n y regulariza la excreci\u00f3n.<\/p>\n<p>Presentaci\u00f3n: frasco con 30 c\u00e1psulas<br \/>\nTome 1 capsula Everlax antes del almuerzo.. Consumir durante 3 meses para obtener mejores resultados. #EverlaxMax<\/p>\n<\/div>\n","protected":false},"featured_media":569,"comment_status":"open","ping_status":"closed","template":"","meta":{"site-sidebar-layout":"default","site-content-layout":"","ast-site-content-layout":"default","site-content-style":"default","site-sidebar-style":"default","ast-global-header-display":"","ast-banner-title-visibility":"","ast-main-header-display":"","ast-hfb-above-header-display":"","ast-hfb-below-header-display":"","ast-hfb-mobile-header-display":"","site-post-title":"","ast-breadcrumbs-content":"","ast-featured-img":"","footer-sml-layout":"","theme-transparent-header-meta":"default","adv-header-id-meta":"","stick-header-meta":"","header-above-stick-meta":"","header-main-stick-meta":"","header-below-stick-meta":"","astra-migrate-meta-layouts":"set","ast-page-background-enabled":"default","ast-page-background-meta":{"desktop":{"background-color":"var(--ast-global-color-4)","background-image":"","background-repeat":"repeat","background-position":"center center","background-size":"auto","background-attachment":"scroll","background-type":"","background-media":"","overlay-type":"","overlay-color":"","overlay-opacity":"","overlay-gradient":""},"tablet":{"background-color":"","background-image":"","background-repeat":"repeat","background-position":"center center","background-size":"auto","background-attachment":"scroll","background-type":"","background-media":"","overlay-type":"","overlay-color":"","overlay-opacity":"","overlay-gradient":""},"mobile":{"background-color":"","background-image":"","background-repeat":"repeat","background-position":"center center","background-size":"auto","background-attachment":"scroll","background-type":"","background-media":"","overlay-type":"","overlay-color":"","overlay-opacity":"","overlay-gradient":""}},"ast-content-background-meta":{"desktop":{"background-color":"var(--ast-global-color-5)","background-image":"","background-repeat":"repeat","background-position":"center center","background-size":"auto","background-attachment":"scroll","background-type":"","background-media":"","overlay-type":"","overlay-color":"","overlay-opacity":"","overlay-gradient":""},"tablet":{"background-color":"var(--ast-global-color-5)","background-image":"","background-repeat":"repeat","background-position":"center center","background-size":"auto","background-attachment":"scroll","background-type":"","background-media":"","overlay-type":"","overlay-color":"","overlay-opacity":"","overlay-gradient":""},"mobile":{"background-color":"var(--ast-global-color-5)","background-image":"","background-repeat":"repeat","background-position":"center center","background-size":"auto","background-attachment":"scroll","background-type":"","background-media":"","overlay-type":"","overlay-color":"","overlay-opacity":"","overlay-gradient":""}}},"product_brand":[],"product_cat":[21],"product_tag":[],"class_list":{"0":"post-570","1":"product","2":"type-product","3":"status-publish","4":"has-post-thumbnail","6":"product_cat-jym-suplementacion","7":"desktop-align-left","8":"tablet-align-left","9":"mobile-align-left","11":"first","12":"instock","13":"taxable","14":"shipping-taxable","15":"purchasable","16":"product-type-simple"},"jetpack_sharing_enabled":true,"_links":{"self":[{"href":"https:\/\/e-konon.com\/konon\/wp-json\/wp\/v2\/product\/570","targetHints":{"allow":["GET"]}}],"collection":[{"href":"https:\/\/e-konon.com\/konon\/wp-json\/wp\/v2\/product"}],"about":[{"href":"https:\/\/e-konon.com\/konon\/wp-json\/wp\/v2\/types\/product"}],"replies":[{"embeddable":true,"href":"https:\/\/e-konon.com\/konon\/wp-json\/wp\/v2\/comments?post=570"}],"wp:featuredmedia":[{"embeddable":true,"href":"https:\/\/e-konon.com\/konon\/wp-json\/wp\/v2\/media\/569"}],"wp:attachment":[{"href":"https:\/\/e-konon.com\/konon\/wp-json\/wp\/v2\/media?parent=570"}],"wp:term":[{"taxonomy":"product_brand","embeddable":true,"href":"https:\/\/e-konon.com\/konon\/wp-json\/wp\/v2\/product_brand?post=570"},{"taxonomy":"product_cat","embeddable":true,"href":"https:\/\/e-konon.com\/konon\/wp-json\/wp\/v2\/product_cat?post=570"},{"taxonomy":"product_tag","embeddable":true,"href":"https:\/\/e-konon.com\/konon\/wp-json\/wp\/v2\/product_tag?post=570"}],"curies":[{"name":"wp","href":"https:\/\/api.w.org\/{rel}","templated":true}]}}