{"id":576,"date":"2025-05-03T15:42:47","date_gmt":"2025-05-03T15:42:47","guid":{"rendered":"https:\/\/e-konon.com\/konon\/?post_type=product&#038;p=576"},"modified":"2025-05-03T15:55:33","modified_gmt":"2025-05-03T15:55:33","slug":"ever-lim-caps","status":"publish","type":"product","link":"https:\/\/e-konon.com\/konon\/product\/ever-lim-caps\/","title":{"rendered":"Ever Lim Caps"},"content":{"rendered":"<h3>Beneficios<\/h3>\n<ul>\n<li>Inhibidor poderoso de apetito.<\/li>\n<li>Activa el metabolismo para quemar calor\u00edas y as\u00ed perder peso.<\/li>\n<li>Bloquea la absorci\u00f3n de carbohidratos.<\/li>\n<li>Incrementa el rendimiento muscular y la producci\u00f3n de energ\u00eda.<\/li>\n<li>Reduce los niveles de colesterol y triglic\u00e9ridos.<\/li>\n<li>Fuente rica de antioxidantes que previenen el envejecimiento prematuro.<\/li>\n<li>Posee acci\u00f3n diur\u00e9tica.<\/li>\n<\/ul>\n<h3>Ingredientes<\/h3>\n<ul>\n<li>L- Carnitina<\/li>\n<li>Ch\u00e1 de bugre<\/li>\n<li>L-Triptofano<\/li>\n<li>L-Glutamina<\/li>\n<li>Granada<\/li>\n<li>T\u00e9 verde<\/li>\n<li>Guaran\u00e1<\/li>\n<li>Vitamina B6.<\/li>\n<\/ul>\n<p>Toma una capsula al d\u00eda, antes del desayuno, y estar\u00e1s quemando grasa durante todo el d\u00eda, adem\u00e1s de que te controla el apetito y desaparece los t\u00edpicos antojitos entre comidas, al mismo tiempo que te da energ\u00edas durante todo el d\u00eda.<\/p>\n<p><strong>Sugerencia de Uso<\/strong><\/p>\n<p>Tomar una c\u00e1psula antes del desayuno<\/p>\n<p><strong>Presentaci\u00f3n<\/strong><\/p>\n<p>Frasco con 30 c\u00e1psulas<\/p>\n<p>Baja de peso en forma natural con Ever Lim Caps<\/p>\n","protected":false},"excerpt":{"rendered":"<h1>Obt\u00e9n una silueta envidiable<\/h1>\n<p>No se necesita ser un talentoso escultor para modelar una figura perfecta. Ahora, con Ever Lim Caps es posible, gracias a la cantidad y<br \/>\ncombinaci\u00f3n de ingredientes especiales que contiene.<\/p>\n<p>Act\u00faa desde la primera toma, desprendiendo todo tipo de grasa que se encuentra, en las paredes de las arterias y en todo el organismo<br \/>\nsobre todo en zonas frecuentes como el abdomen.<\/p>\n<p>Su combinaci\u00f3n \u00fanica de frutos y plantas, estimulan las funciones naturales del cuerpo, para que funcione correctamente, en la metabolizaci\u00f3n de las grasas y conservar las reservas de prote\u00edna, logrando as\u00ed m\u00e1s m\u00fasculo y menos tejido adiposo.<\/p>\n","protected":false},"featured_media":575,"comment_status":"open","ping_status":"closed","template":"","meta":{"site-sidebar-layout":"default","site-content-layout":"","ast-site-content-layout":"default","site-content-style":"default","site-sidebar-style":"default","ast-global-header-display":"","ast-banner-title-visibility":"","ast-main-header-display":"","ast-hfb-above-header-display":"","ast-hfb-below-header-display":"","ast-hfb-mobile-header-display":"","site-post-title":"","ast-breadcrumbs-content":"","ast-featured-img":"","footer-sml-layout":"","theme-transparent-header-meta":"","adv-header-id-meta":"","stick-header-meta":"","header-above-stick-meta":"","header-main-stick-meta":"","header-below-stick-meta":"","astra-migrate-meta-layouts":"default","ast-page-background-enabled":"default","ast-page-background-meta":{"desktop":{"background-color":"var(--ast-global-color-4)","background-image":"","background-repeat":"repeat","background-position":"center center","background-size":"auto","background-attachment":"scroll","background-type":"","background-media":"","overlay-type":"","overlay-color":"","overlay-opacity":"","overlay-gradient":""},"tablet":{"background-color":"","background-image":"","background-repeat":"repeat","background-position":"center center","background-size":"auto","background-attachment":"scroll","background-type":"","background-media":"","overlay-type":"","overlay-color":"","overlay-opacity":"","overlay-gradient":""},"mobile":{"background-color":"","background-image":"","background-repeat":"repeat","background-position":"center center","background-size":"auto","background-attachment":"scroll","background-type":"","background-media":"","overlay-type":"","overlay-color":"","overlay-opacity":"","overlay-gradient":""}},"ast-content-background-meta":{"desktop":{"background-color":"var(--ast-global-color-5)","background-image":"","background-repeat":"repeat","background-position":"center center","background-size":"auto","background-attachment":"scroll","background-type":"","background-media":"","overlay-type":"","overlay-color":"","overlay-opacity":"","overlay-gradient":""},"tablet":{"background-color":"var(--ast-global-color-5)","background-image":"","background-repeat":"repeat","background-position":"center center","background-size":"auto","background-attachment":"scroll","background-type":"","background-media":"","overlay-type":"","overlay-color":"","overlay-opacity":"","overlay-gradient":""},"mobile":{"background-color":"var(--ast-global-color-5)","background-image":"","background-repeat":"repeat","background-position":"center center","background-size":"auto","background-attachment":"scroll","background-type":"","background-media":"","overlay-type":"","overlay-color":"","overlay-opacity":"","overlay-gradient":""}}},"product_brand":[],"product_cat":[21],"product_tag":[],"class_list":{"0":"post-576","1":"product","2":"type-product","3":"status-publish","4":"has-post-thumbnail","6":"product_cat-jym-suplementacion","7":"desktop-align-left","8":"tablet-align-left","9":"mobile-align-left","11":"first","12":"instock","13":"taxable","14":"shipping-taxable","15":"purchasable","16":"product-type-simple"},"jetpack_sharing_enabled":true,"_links":{"self":[{"href":"https:\/\/e-konon.com\/konon\/wp-json\/wp\/v2\/product\/576","targetHints":{"allow":["GET"]}}],"collection":[{"href":"https:\/\/e-konon.com\/konon\/wp-json\/wp\/v2\/product"}],"about":[{"href":"https:\/\/e-konon.com\/konon\/wp-json\/wp\/v2\/types\/product"}],"replies":[{"embeddable":true,"href":"https:\/\/e-konon.com\/konon\/wp-json\/wp\/v2\/comments?post=576"}],"wp:featuredmedia":[{"embeddable":true,"href":"https:\/\/e-konon.com\/konon\/wp-json\/wp\/v2\/media\/575"}],"wp:attachment":[{"href":"https:\/\/e-konon.com\/konon\/wp-json\/wp\/v2\/media?parent=576"}],"wp:term":[{"taxonomy":"product_brand","embeddable":true,"href":"https:\/\/e-konon.com\/konon\/wp-json\/wp\/v2\/product_brand?post=576"},{"taxonomy":"product_cat","embeddable":true,"href":"https:\/\/e-konon.com\/konon\/wp-json\/wp\/v2\/product_cat?post=576"},{"taxonomy":"product_tag","embeddable":true,"href":"https:\/\/e-konon.com\/konon\/wp-json\/wp\/v2\/product_tag?post=576"}],"curies":[{"name":"wp","href":"https:\/\/api.w.org\/{rel}","templated":true}]}}