{"id":579,"date":"2025-05-03T16:01:25","date_gmt":"2025-05-03T16:01:25","guid":{"rendered":"https:\/\/e-konon.com\/konon\/?post_type=product&#038;p=579"},"modified":"2025-05-03T16:08:07","modified_gmt":"2025-05-03T16:08:07","slug":"healthy-coffee-340gr","status":"publish","type":"product","link":"https:\/\/e-konon.com\/konon\/product\/healthy-coffee-340gr\/","title":{"rendered":"Healthy Coffee 340gr"},"content":{"rendered":"<h2>Beneficios<\/h2>\n<ul>\n<li>Antioxidante que retarda el envejecimiento.<\/li>\n<li>Eleva el sistema inmunol\u00f3gico.<\/li>\n<li>Aumenta el nivel de energ\u00eda.<\/li>\n<li>Reduce el estr\u00e9s (tensi\u00f3n nerviosa).<\/li>\n<li>Previene el c\u00e1ncer y coadyuva en su tratamiento.<\/li>\n<li>Excelente digestivo porque contiene enzimas como la pepsina.<\/li>\n<li>Disminuye colesterol, triglic\u00e9ridos y glucosa en sangre.<\/li>\n<\/ul>\n<h2>Ingredientes<\/h2>\n<ul>\n<li>Cereza de caf\u00e9 org\u00e1nico<\/li>\n<li>Reishi<\/li>\n<li>Shitake, Maitake<\/li>\n<li>Goji, Mangost\u00e1n<\/li>\n<li>Guaran\u00e1<\/li>\n<li>Calcio de coral<\/li>\n<li>Prote\u00ednas<\/li>\n<li>Vitamina C<\/li>\n<li>Leche de soya<\/li>\n<\/ul>\n<p><strong>Sugerencia de Uso<\/strong><\/p>\n<p>Disuelva 10 gramos equivalente a 1 cucharada en una taza con agua 2 veces al d\u00eda.<\/p>\n<p><strong>Presentaci\u00f3n Frasco 340g<\/strong><\/p>\n","protected":false},"excerpt":{"rendered":"<p><strong>Cuidar tu salud es un delicioso placer. Healthy Coffee 340gr.\u00a0<\/strong>El ritmo de vida actual obliga a trabajar a marchas forzadas, con estr\u00e9s, mala alimentaci\u00f3n y mal descanso. \u00bfsab\u00eda usted que cada d\u00eda que pasa sus \u00f3rganos est\u00e1n dejando de recibir el ox\u00edgeno y nutrientes necesarios debido a que la grasa en nuestras venas y arterias impida que esto suceda? Esto es un hecho no importa su edad o condici\u00f3n.<\/p>\n<p>Healthy Coffee 340gr es una bebida ligera y vigorizante que hace del cuidado de la salud algo pr\u00e1ctico, sencillo y delicioso. con tan s\u00f3lo una taza esta arom\u00e1tica bebida podemos realmente conservarnos en un \u00f3ptimo nivel de salud y aliviar los malestares causados por varias enfermedades como el estr\u00e9s, la diabetes y la hipertensi\u00f3n.<\/p>\n","protected":false},"featured_media":580,"comment_status":"open","ping_status":"closed","template":"","meta":{"site-sidebar-layout":"default","site-content-layout":"","ast-site-content-layout":"default","site-content-style":"default","site-sidebar-style":"default","ast-global-header-display":"","ast-banner-title-visibility":"","ast-main-header-display":"","ast-hfb-above-header-display":"","ast-hfb-below-header-display":"","ast-hfb-mobile-header-display":"","site-post-title":"","ast-breadcrumbs-content":"","ast-featured-img":"","footer-sml-layout":"","theme-transparent-header-meta":"","adv-header-id-meta":"","stick-header-meta":"","header-above-stick-meta":"","header-main-stick-meta":"","header-below-stick-meta":"","astra-migrate-meta-layouts":"default","ast-page-background-enabled":"default","ast-page-background-meta":{"desktop":{"background-color":"var(--ast-global-color-4)","background-image":"","background-repeat":"repeat","background-position":"center center","background-size":"auto","background-attachment":"scroll","background-type":"","background-media":"","overlay-type":"","overlay-color":"","overlay-opacity":"","overlay-gradient":""},"tablet":{"background-color":"","background-image":"","background-repeat":"repeat","background-position":"center center","background-size":"auto","background-attachment":"scroll","background-type":"","background-media":"","overlay-type":"","overlay-color":"","overlay-opacity":"","overlay-gradient":""},"mobile":{"background-color":"","background-image":"","background-repeat":"repeat","background-position":"center center","background-size":"auto","background-attachment":"scroll","background-type":"","background-media":"","overlay-type":"","overlay-color":"","overlay-opacity":"","overlay-gradient":""}},"ast-content-background-meta":{"desktop":{"background-color":"var(--ast-global-color-5)","background-image":"","background-repeat":"repeat","background-position":"center center","background-size":"auto","background-attachment":"scroll","background-type":"","background-media":"","overlay-type":"","overlay-color":"","overlay-opacity":"","overlay-gradient":""},"tablet":{"background-color":"var(--ast-global-color-5)","background-image":"","background-repeat":"repeat","background-position":"center center","background-size":"auto","background-attachment":"scroll","background-type":"","background-media":"","overlay-type":"","overlay-color":"","overlay-opacity":"","overlay-gradient":""},"mobile":{"background-color":"var(--ast-global-color-5)","background-image":"","background-repeat":"repeat","background-position":"center center","background-size":"auto","background-attachment":"scroll","background-type":"","background-media":"","overlay-type":"","overlay-color":"","overlay-opacity":"","overlay-gradient":""}}},"product_brand":[],"product_cat":[21],"product_tag":[],"class_list":{"0":"post-579","1":"product","2":"type-product","3":"status-publish","4":"has-post-thumbnail","6":"product_cat-jym-suplementacion","7":"desktop-align-left","8":"tablet-align-left","9":"mobile-align-left","11":"first","12":"instock","13":"taxable","14":"shipping-taxable","15":"purchasable","16":"product-type-simple"},"jetpack_sharing_enabled":true,"_links":{"self":[{"href":"https:\/\/e-konon.com\/konon\/wp-json\/wp\/v2\/product\/579","targetHints":{"allow":["GET"]}}],"collection":[{"href":"https:\/\/e-konon.com\/konon\/wp-json\/wp\/v2\/product"}],"about":[{"href":"https:\/\/e-konon.com\/konon\/wp-json\/wp\/v2\/types\/product"}],"replies":[{"embeddable":true,"href":"https:\/\/e-konon.com\/konon\/wp-json\/wp\/v2\/comments?post=579"}],"wp:featuredmedia":[{"embeddable":true,"href":"https:\/\/e-konon.com\/konon\/wp-json\/wp\/v2\/media\/580"}],"wp:attachment":[{"href":"https:\/\/e-konon.com\/konon\/wp-json\/wp\/v2\/media?parent=579"}],"wp:term":[{"taxonomy":"product_brand","embeddable":true,"href":"https:\/\/e-konon.com\/konon\/wp-json\/wp\/v2\/product_brand?post=579"},{"taxonomy":"product_cat","embeddable":true,"href":"https:\/\/e-konon.com\/konon\/wp-json\/wp\/v2\/product_cat?post=579"},{"taxonomy":"product_tag","embeddable":true,"href":"https:\/\/e-konon.com\/konon\/wp-json\/wp\/v2\/product_tag?post=579"}],"curies":[{"name":"wp","href":"https:\/\/api.w.org\/{rel}","templated":true}]}}