{"id":581,"date":"2025-05-03T16:18:10","date_gmt":"2025-05-03T16:18:10","guid":{"rendered":"https:\/\/e-konon.com\/konon\/?post_type=product&#038;p=581"},"modified":"2025-05-03T16:22:28","modified_gmt":"2025-05-03T16:22:28","slug":"mince-belle-shake-mix-500gr","status":"publish","type":"product","link":"https:\/\/e-konon.com\/konon\/product\/mince-belle-shake-mix-500gr\/","title":{"rendered":"Mince Belle Shake Mix 500gr"},"content":{"rendered":"<h3>Beneficios<\/h3>\n<ul>\n<li>Excelente combinaci\u00f3n de prote\u00edna de soya, de suero de la leche y otras con un alto valor biol\u00f3gico.<\/li>\n<li>Asegura el aporte de amino\u00e1cidos, vitaminas y minerales necesarios para el buen funcionamiento del organismo.<\/li>\n<li>Estimula la s\u00edntesis de prote\u00ednas musculares despu\u00e9s del ejercicio mejorando la resistencia.<\/li>\n<li>Poderoso antioxidante y energ\u00e9tico natural.<\/li>\n<li>Posee efecto saciante del apetito.<\/li>\n<li>Favorece la quema de grasa y con ello la p\u00e9rdida de peso.<\/li>\n<li>Contiene fibra prebi\u00f3tica que mejora la flora intestinal.<\/li>\n<li>Facilita la digesti\u00f3n y ayuda en la eliminaci\u00f3n de las toxinas.<\/li>\n<\/ul>\n<h3>Ingredientes<\/h3>\n<ul>\n<li>Prote\u00edna de soya<\/li>\n<li>Suero de leche<\/li>\n<li>Lecitina de soya<\/li>\n<li>Vitamina: A, C, D, E, B1, B2,B3, B5 , B6, \u00e1cido f\u00f3lico.<\/li>\n<li>Minerales: Calcio, F\u00f3sforo,Sodio y Potasio,\u00a0 Garcinia cambogia.<\/li>\n<li>Ch\u00e1 de cugre<\/li>\n<li>Granada<\/li>\n<li>Goji<\/li>\n<li>Jengibre<\/li>\n<li>Leche de soya<\/li>\n<li>Calcio de coral<\/li>\n<li>Avena<\/li>\n<li>Estevia<\/li>\n<\/ul>\n<p><strong>Sugerencia de uso<\/strong><\/p>\n<p>Disuelve 20 g equivalente a 2 cucharadas en agua o leche light en el desayuno.<\/p>\n<p><strong>Presentaci\u00f3n<\/strong><\/p>\n<p>Frasco de 500 gr<\/p>\n<p>Sabores Fresa, Capuchino, Pi\u00f1a colada, Chocolate y Galleta.<\/p>\n","protected":false},"excerpt":{"rendered":"<h1>Mince Belle Shake Mix. Reduce tallas mientras disfrutas<\/h1>\n<p>Esta presentaci\u00f3n\u00a0<em><strong>Mince Belle Shake Mix<\/strong><\/em>, es un polvo hecho a base de ingredientes naturales, para preparar una deliciosa malteada, baja en calor\u00edas y que ayuda a controlar el peso corporal y nutrir saludablemente, ya que proporcionan las prote\u00ednas, vitaminas y minerales que nuestro cuerpo necesita.<br \/>\nSu efecto termog\u00e9nico, atrapa las grasas y disminuye el apetito, ya que provee al cuerpo de energ\u00eda generada de la propia quema de grasa. Tonifica y fortalece los m\u00fasculos, optimizar los niveles de colesterol. Por lo que seguramente encontrar\u00e1s la manera de seguirte cuidando mientras lo disfrutas<\/p>\n","protected":false},"featured_media":582,"comment_status":"open","ping_status":"closed","template":"","meta":{"site-sidebar-layout":"default","site-content-layout":"","ast-site-content-layout":"default","site-content-style":"default","site-sidebar-style":"default","ast-global-header-display":"","ast-banner-title-visibility":"","ast-main-header-display":"","ast-hfb-above-header-display":"","ast-hfb-below-header-display":"","ast-hfb-mobile-header-display":"","site-post-title":"","ast-breadcrumbs-content":"","ast-featured-img":"","footer-sml-layout":"","theme-transparent-header-meta":"","adv-header-id-meta":"","stick-header-meta":"","header-above-stick-meta":"","header-main-stick-meta":"","header-below-stick-meta":"","astra-migrate-meta-layouts":"default","ast-page-background-enabled":"default","ast-page-background-meta":{"desktop":{"background-color":"var(--ast-global-color-4)","background-image":"","background-repeat":"repeat","background-position":"center center","background-size":"auto","background-attachment":"scroll","background-type":"","background-media":"","overlay-type":"","overlay-color":"","overlay-opacity":"","overlay-gradient":""},"tablet":{"background-color":"","background-image":"","background-repeat":"repeat","background-position":"center center","background-size":"auto","background-attachment":"scroll","background-type":"","background-media":"","overlay-type":"","overlay-color":"","overlay-opacity":"","overlay-gradient":""},"mobile":{"background-color":"","background-image":"","background-repeat":"repeat","background-position":"center center","background-size":"auto","background-attachment":"scroll","background-type":"","background-media":"","overlay-type":"","overlay-color":"","overlay-opacity":"","overlay-gradient":""}},"ast-content-background-meta":{"desktop":{"background-color":"var(--ast-global-color-5)","background-image":"","background-repeat":"repeat","background-position":"center center","background-size":"auto","background-attachment":"scroll","background-type":"","background-media":"","overlay-type":"","overlay-color":"","overlay-opacity":"","overlay-gradient":""},"tablet":{"background-color":"var(--ast-global-color-5)","background-image":"","background-repeat":"repeat","background-position":"center center","background-size":"auto","background-attachment":"scroll","background-type":"","background-media":"","overlay-type":"","overlay-color":"","overlay-opacity":"","overlay-gradient":""},"mobile":{"background-color":"var(--ast-global-color-5)","background-image":"","background-repeat":"repeat","background-position":"center center","background-size":"auto","background-attachment":"scroll","background-type":"","background-media":"","overlay-type":"","overlay-color":"","overlay-opacity":"","overlay-gradient":""}}},"product_brand":[],"product_cat":[21],"product_tag":[],"class_list":{"0":"post-581","1":"product","2":"type-product","3":"status-publish","4":"has-post-thumbnail","6":"product_cat-jym-suplementacion","7":"desktop-align-left","8":"tablet-align-left","9":"mobile-align-left","11":"first","12":"instock","13":"taxable","14":"shipping-taxable","15":"purchasable","16":"product-type-simple"},"jetpack_sharing_enabled":true,"_links":{"self":[{"href":"https:\/\/e-konon.com\/konon\/wp-json\/wp\/v2\/product\/581","targetHints":{"allow":["GET"]}}],"collection":[{"href":"https:\/\/e-konon.com\/konon\/wp-json\/wp\/v2\/product"}],"about":[{"href":"https:\/\/e-konon.com\/konon\/wp-json\/wp\/v2\/types\/product"}],"replies":[{"embeddable":true,"href":"https:\/\/e-konon.com\/konon\/wp-json\/wp\/v2\/comments?post=581"}],"wp:featuredmedia":[{"embeddable":true,"href":"https:\/\/e-konon.com\/konon\/wp-json\/wp\/v2\/media\/582"}],"wp:attachment":[{"href":"https:\/\/e-konon.com\/konon\/wp-json\/wp\/v2\/media?parent=581"}],"wp:term":[{"taxonomy":"product_brand","embeddable":true,"href":"https:\/\/e-konon.com\/konon\/wp-json\/wp\/v2\/product_brand?post=581"},{"taxonomy":"product_cat","embeddable":true,"href":"https:\/\/e-konon.com\/konon\/wp-json\/wp\/v2\/product_cat?post=581"},{"taxonomy":"product_tag","embeddable":true,"href":"https:\/\/e-konon.com\/konon\/wp-json\/wp\/v2\/product_tag?post=581"}],"curies":[{"name":"wp","href":"https:\/\/api.w.org\/{rel}","templated":true}]}}