{"id":585,"date":"2025-05-03T17:18:06","date_gmt":"2025-05-03T17:18:06","guid":{"rendered":"https:\/\/e-konon.com\/konon\/?post_type=product&#038;p=585"},"modified":"2025-05-03T17:23:29","modified_gmt":"2025-05-03T17:23:29","slug":"green-oxygen-1000-ml","status":"publish","type":"product","link":"https:\/\/e-konon.com\/konon\/product\/green-oxygen-1000-ml\/","title":{"rendered":"Green Oxygen 1000 ml"},"content":{"rendered":"<h3>Beneficios<\/h3>\n<ul>\n<li>Excelente oxigenador celular.<\/li>\n<li>Desintoxica el organismo.<\/li>\n<li>Potente antioxidante y anticancer\u00edgeno.<\/li>\n<li>Combate problemas digestivos.<\/li>\n<li>Eleva tu energ\u00eda y vitalidad.<\/li>\n<li>Regula las defensas de tu cuerpo.<\/li>\n<li>Reduce los niveles de colesterol y<br \/>\ntriglic\u00e9ridos.<\/li>\n<\/ul>\n<h3>Ingredientes<\/h3>\n<ul>\n<li>Clorofila<\/li>\n<li>Sabila<\/li>\n<li>Alfalfa<\/li>\n<li>Alga espirulina<\/li>\n<li>Diente de le\u00f3n<\/li>\n<li>Romero<\/li>\n<li>Ortiga<\/li>\n<li>Vitamina C<\/li>\n<li>Menta<\/li>\n<li>Hierbabuena<\/li>\n<li>Pi\u00f1a<\/li>\n<\/ul>\n<p>Alga Spirulina (Spirulina maxima)<br \/>\n*Es desintoxicante * Ayuda a restaurar la energ\u00eda y la vitalidad * Combate los problemas digestivos * Oxigena las c\u00e9lulas y regula los niveles de az\u00facar en sangre y colesterol en sangre * Mal aliento<\/p>\n<p>La espirulina de alga es especialmente eficaz para combatir la desmineralizaci\u00f3n y el agotamiento.\u00a0Ayuda a recuperar la forma f\u00edsica, la energ\u00eda y la vitalidad.\u00a0Es un potente regenerador de la flora intestinal y es un potente activador de los mecanismos de desintoxicaci\u00f3n celular.\u00a0Gracias a sus lactobacilos y bacterias b\u00edfidas, entre otras cosas, regenera la flora intestinal, fortaleciendo tu sistema digestivo.<\/p>\n<p>Auxiliar para: Desintoxicar tu cuerpo, aumenta tu energ\u00eda y rendimiento, colitis gastritis y ulcera g\u00e1strica, evita osteoporosis, oxigena tus c\u00e9lulas, sangre y cerebro, depura y desinflama el h\u00edgado, problemas urinarios, regula la presi\u00f3n arterial, mejora la circulaci\u00f3n, reducir peso, devuelve a la piel belleza y salud.<\/p>\n<p><strong>Presentaci\u00f3n de 1000ml<\/strong><\/p>\n<p><strong>Sugerencia de uso<\/strong><\/p>\n<p>Diluir 15 ml equivalente a 1 cucharada en un litro de agua al d\u00eda.<\/p>\n","protected":false},"excerpt":{"rendered":"<p><strong>OXIGENA Y PURIFICA TODO TU CUERPO<\/strong><\/p>\n<p><strong>Green Oxygen<\/strong>. La vitalidad de las plantas se concentra en la clorofila, un potente compuesto org\u00e1nico rico en ox\u00edgeno. Ahora, la llamada\u00a0<strong>\u201csangre de las plantas\u201d<\/strong>, este componente es parte fundamental del maravilloso\u00a0<em><strong>Green Oxygen<\/strong><\/em>, en combinaci\u00f3n con su exclusiva mezcla, potencializan sus efectos en el organismo. Su funci\u00f3n es desintoxicante y purificadora, act\u00faa arrasando todas las impurezas y toxinas que se encuentran en la sangre y en el sistema digestivo, aportando nutrientes y ox\u00edgeno a nuestras c\u00e9lulas.<br \/>\nAl tomarlo rigurosamente, mantendr\u00e1 la salud y el equilibrio en todo el cuerpo.<br \/>\nTiene un exquisito sabor a menta, lo que har\u00e1 al tomarlo una agradable sensaci\u00f3n de frescura.<\/p>\n","protected":false},"featured_media":586,"comment_status":"open","ping_status":"closed","template":"","meta":{"site-sidebar-layout":"default","site-content-layout":"","ast-site-content-layout":"default","site-content-style":"default","site-sidebar-style":"default","ast-global-header-display":"","ast-banner-title-visibility":"","ast-main-header-display":"","ast-hfb-above-header-display":"","ast-hfb-below-header-display":"","ast-hfb-mobile-header-display":"","site-post-title":"","ast-breadcrumbs-content":"","ast-featured-img":"","footer-sml-layout":"","theme-transparent-header-meta":"","adv-header-id-meta":"","stick-header-meta":"","header-above-stick-meta":"","header-main-stick-meta":"","header-below-stick-meta":"","astra-migrate-meta-layouts":"default","ast-page-background-enabled":"default","ast-page-background-meta":{"desktop":{"background-color":"var(--ast-global-color-4)","background-image":"","background-repeat":"repeat","background-position":"center center","background-size":"auto","background-attachment":"scroll","background-type":"","background-media":"","overlay-type":"","overlay-color":"","overlay-opacity":"","overlay-gradient":""},"tablet":{"background-color":"","background-image":"","background-repeat":"repeat","background-position":"center center","background-size":"auto","background-attachment":"scroll","background-type":"","background-media":"","overlay-type":"","overlay-color":"","overlay-opacity":"","overlay-gradient":""},"mobile":{"background-color":"","background-image":"","background-repeat":"repeat","background-position":"center center","background-size":"auto","background-attachment":"scroll","background-type":"","background-media":"","overlay-type":"","overlay-color":"","overlay-opacity":"","overlay-gradient":""}},"ast-content-background-meta":{"desktop":{"background-color":"var(--ast-global-color-5)","background-image":"","background-repeat":"repeat","background-position":"center center","background-size":"auto","background-attachment":"scroll","background-type":"","background-media":"","overlay-type":"","overlay-color":"","overlay-opacity":"","overlay-gradient":""},"tablet":{"background-color":"var(--ast-global-color-5)","background-image":"","background-repeat":"repeat","background-position":"center center","background-size":"auto","background-attachment":"scroll","background-type":"","background-media":"","overlay-type":"","overlay-color":"","overlay-opacity":"","overlay-gradient":""},"mobile":{"background-color":"var(--ast-global-color-5)","background-image":"","background-repeat":"repeat","background-position":"center center","background-size":"auto","background-attachment":"scroll","background-type":"","background-media":"","overlay-type":"","overlay-color":"","overlay-opacity":"","overlay-gradient":""}}},"product_brand":[],"product_cat":[21],"product_tag":[],"class_list":{"0":"post-585","1":"product","2":"type-product","3":"status-publish","4":"has-post-thumbnail","6":"product_cat-jym-suplementacion","7":"desktop-align-left","8":"tablet-align-left","9":"mobile-align-left","11":"first","12":"instock","13":"taxable","14":"shipping-taxable","15":"purchasable","16":"product-type-simple"},"jetpack_sharing_enabled":true,"_links":{"self":[{"href":"https:\/\/e-konon.com\/konon\/wp-json\/wp\/v2\/product\/585","targetHints":{"allow":["GET"]}}],"collection":[{"href":"https:\/\/e-konon.com\/konon\/wp-json\/wp\/v2\/product"}],"about":[{"href":"https:\/\/e-konon.com\/konon\/wp-json\/wp\/v2\/types\/product"}],"replies":[{"embeddable":true,"href":"https:\/\/e-konon.com\/konon\/wp-json\/wp\/v2\/comments?post=585"}],"wp:featuredmedia":[{"embeddable":true,"href":"https:\/\/e-konon.com\/konon\/wp-json\/wp\/v2\/media\/586"}],"wp:attachment":[{"href":"https:\/\/e-konon.com\/konon\/wp-json\/wp\/v2\/media?parent=585"}],"wp:term":[{"taxonomy":"product_brand","embeddable":true,"href":"https:\/\/e-konon.com\/konon\/wp-json\/wp\/v2\/product_brand?post=585"},{"taxonomy":"product_cat","embeddable":true,"href":"https:\/\/e-konon.com\/konon\/wp-json\/wp\/v2\/product_cat?post=585"},{"taxonomy":"product_tag","embeddable":true,"href":"https:\/\/e-konon.com\/konon\/wp-json\/wp\/v2\/product_tag?post=585"}],"curies":[{"name":"wp","href":"https:\/\/api.w.org\/{rel}","templated":true}]}}